{"id":798,"date":"2023-09-12T01:47:41","date_gmt":"2023-09-11T23:47:41","guid":{"rendered":"http:\/\/xn--1szkoarajdowa-0hc.pl\/?page_id=798"},"modified":"2023-09-20T03:44:19","modified_gmt":"2023-09-20T01:44:19","slug":"szykana","status":"publish","type":"page","link":"http:\/\/xn--1szkoarajdowa-0hc.pl\/?page_id=798","title":{"rendered":"SZYKANA"},"content":{"rendered":"\n<p>Szykana to uk\u0142ad slalomowy.<\/p>\n\n\n\n<figure class=\"wp-block-image size-full\"><img decoding=\"async\" loading=\"lazy\" width=\"1130\" height=\"636\" src=\"http:\/\/xn--1szkoarajdowa-0hc.pl\/wp-content\/uploads\/2023\/09\/SZYKANA-10.jpg\" alt=\"\" class=\"wp-image-1309\"\/><\/figure>\n\n\n\n<p>Do szykany wje\u017cd\u017camy z zewn\u0119trznej. Nast\u0119pnie zmieniamy kierunek  jazdy w po\u0142owie odleg\u0142o\u015bci mi\u0119dzy s\u0142upkami.<\/p>\n\n\n\n<figure class=\"wp-block-image size-full\"><img decoding=\"async\" loading=\"lazy\" width=\"536\" height=\"953\" src=\"http:\/\/xn--1szkoarajdowa-0hc.pl\/wp-content\/uploads\/2023\/09\/SZYKANA-11.jpg\" alt=\"\" class=\"wp-image-1310\" srcset=\"http:\/\/xn--1szkoarajdowa-0hc.pl\/wp-content\/uploads\/2023\/09\/SZYKANA-11.jpg 536w, http:\/\/xn--1szkoarajdowa-0hc.pl\/wp-content\/uploads\/2023\/09\/SZYKANA-11-169x300.jpg 169w\" sizes=\"(max-width: 536px) 100vw, 536px\" \/><\/figure>\n\n\n\n<p>Oczywi\u015bcie mo\u017cemy to ola\u0107 i wpa\u015b\u0107 hamuj\u0105c w szykan\u0119.<\/p>\n\n\n\n<p>Efekt b\u0119dzie taki, \u017ce hamowa\u0107 b\u0119dzie trzeba jeszcze w drugim zakr\u0119cie i b\u0119dzie brakowa\u0142o miejsca do opuszczenia szykany. W kwintesencji wyjazd z szykany b\u0119dzie za wolny.<\/p>\n\n\n\n<p>Lub potr\u0105ci si\u0119 s\u0142upki, a za ka\u017cdy kara 5sek. <\/p>\n\n\n\n<figure class=\"wp-block-image size-large\"><img decoding=\"async\" loading=\"lazy\" width=\"576\" height=\"1024\" src=\"http:\/\/xn--1szkoarajdowa-0hc.pl\/wp-content\/uploads\/2023\/09\/SZYKANA-12-576x1024.jpg\" alt=\"\" class=\"wp-image-1311\" srcset=\"http:\/\/xn--1szkoarajdowa-0hc.pl\/wp-content\/uploads\/2023\/09\/SZYKANA-12-576x1024.jpg 576w, http:\/\/xn--1szkoarajdowa-0hc.pl\/wp-content\/uploads\/2023\/09\/SZYKANA-12-169x300.jpg 169w, http:\/\/xn--1szkoarajdowa-0hc.pl\/wp-content\/uploads\/2023\/09\/SZYKANA-12.jpg 596w\" sizes=\"(max-width: 576px) 100vw, 576px\" \/><\/figure>\n\n\n\n<p>Poni\u017cej fotograficzne zobrazowanie prawid\u0142owego toru jazdy w szykanie z fazowym podzia\u0142em zakr\u0119t\u00f3w i powrotem do jazdy na wprost.<\/p>\n\n\n\n<figure class=\"wp-block-image size-large\"><img decoding=\"async\" loading=\"lazy\" width=\"1024\" height=\"576\" src=\"http:\/\/xn--1szkoarajdowa-0hc.pl\/wp-content\/uploads\/2023\/09\/SZYKANA-1-1024x576.jpg\" alt=\"\" class=\"wp-image-1299\" srcset=\"http:\/\/xn--1szkoarajdowa-0hc.pl\/wp-content\/uploads\/2023\/09\/SZYKANA-1-1024x576.jpg 1024w, http:\/\/xn--1szkoarajdowa-0hc.pl\/wp-content\/uploads\/2023\/09\/SZYKANA-1-300x169.jpg 300w, http:\/\/xn--1szkoarajdowa-0hc.pl\/wp-content\/uploads\/2023\/09\/SZYKANA-1-768x432.jpg 768w, http:\/\/xn--1szkoarajdowa-0hc.pl\/wp-content\/uploads\/2023\/09\/SZYKANA-1.jpg 1120w\" sizes=\"(max-width: 1024px) 100vw, 1024px\" \/><\/figure>\n\n\n\n<figure class=\"wp-block-image size-large\"><img decoding=\"async\" loading=\"lazy\" width=\"1024\" height=\"576\" src=\"http:\/\/xn--1szkoarajdowa-0hc.pl\/wp-content\/uploads\/2023\/09\/SZYKANA-2-1024x576.jpg\" alt=\"\" class=\"wp-image-1300\" srcset=\"http:\/\/xn--1szkoarajdowa-0hc.pl\/wp-content\/uploads\/2023\/09\/SZYKANA-2-1024x576.jpg 1024w, http:\/\/xn--1szkoarajdowa-0hc.pl\/wp-content\/uploads\/2023\/09\/SZYKANA-2-300x169.jpg 300w, http:\/\/xn--1szkoarajdowa-0hc.pl\/wp-content\/uploads\/2023\/09\/SZYKANA-2-768x432.jpg 768w, http:\/\/xn--1szkoarajdowa-0hc.pl\/wp-content\/uploads\/2023\/09\/SZYKANA-2.jpg 1125w\" sizes=\"(max-width: 1024px) 100vw, 1024px\" \/><\/figure>\n\n\n\n<figure class=\"wp-block-image size-large\"><img decoding=\"async\" loading=\"lazy\" width=\"1024\" height=\"576\" src=\"http:\/\/xn--1szkoarajdowa-0hc.pl\/wp-content\/uploads\/2023\/09\/SZYKANA-3-1024x576.jpg\" alt=\"\" class=\"wp-image-1301\" srcset=\"http:\/\/xn--1szkoarajdowa-0hc.pl\/wp-content\/uploads\/2023\/09\/SZYKANA-3-1024x576.jpg 1024w, http:\/\/xn--1szkoarajdowa-0hc.pl\/wp-content\/uploads\/2023\/09\/SZYKANA-3-300x169.jpg 300w, http:\/\/xn--1szkoarajdowa-0hc.pl\/wp-content\/uploads\/2023\/09\/SZYKANA-3-768x432.jpg 768w, http:\/\/xn--1szkoarajdowa-0hc.pl\/wp-content\/uploads\/2023\/09\/SZYKANA-3.jpg 1136w\" sizes=\"(max-width: 1024px) 100vw, 1024px\" \/><\/figure>\n\n\n\n<figure class=\"wp-block-image size-full\"><img decoding=\"async\" loading=\"lazy\" width=\"1136\" height=\"639\" src=\"http:\/\/xn--1szkoarajdowa-0hc.pl\/wp-content\/uploads\/2023\/09\/SZYKANA-4.jpg\" alt=\"\" class=\"wp-image-1302\"\/><\/figure>\n\n\n\n<figure class=\"wp-block-image size-large\"><img decoding=\"async\" loading=\"lazy\" width=\"1024\" height=\"576\" src=\"http:\/\/xn--1szkoarajdowa-0hc.pl\/wp-content\/uploads\/2023\/09\/SZYKANA-5-1024x576.jpg\" alt=\"\" class=\"wp-image-1304\" srcset=\"http:\/\/xn--1szkoarajdowa-0hc.pl\/wp-content\/uploads\/2023\/09\/SZYKANA-5-1024x576.jpg 1024w, http:\/\/xn--1szkoarajdowa-0hc.pl\/wp-content\/uploads\/2023\/09\/SZYKANA-5-300x169.jpg 300w, http:\/\/xn--1szkoarajdowa-0hc.pl\/wp-content\/uploads\/2023\/09\/SZYKANA-5-768x432.jpg 768w, http:\/\/xn--1szkoarajdowa-0hc.pl\/wp-content\/uploads\/2023\/09\/SZYKANA-5.jpg 1136w\" sizes=\"(max-width: 1024px) 100vw, 1024px\" \/><\/figure>\n\n\n\n<figure class=\"wp-block-image size-large\"><img decoding=\"async\" loading=\"lazy\" width=\"1024\" height=\"576\" src=\"http:\/\/xn--1szkoarajdowa-0hc.pl\/wp-content\/uploads\/2023\/09\/SZYKANA-6-1024x576.jpg\" alt=\"\" class=\"wp-image-1305\" srcset=\"http:\/\/xn--1szkoarajdowa-0hc.pl\/wp-content\/uploads\/2023\/09\/SZYKANA-6-1024x576.jpg 1024w, http:\/\/xn--1szkoarajdowa-0hc.pl\/wp-content\/uploads\/2023\/09\/SZYKANA-6-300x169.jpg 300w, http:\/\/xn--1szkoarajdowa-0hc.pl\/wp-content\/uploads\/2023\/09\/SZYKANA-6-768x432.jpg 768w, http:\/\/xn--1szkoarajdowa-0hc.pl\/wp-content\/uploads\/2023\/09\/SZYKANA-6.jpg 1136w\" sizes=\"(max-width: 1024px) 100vw, 1024px\" \/><\/figure>\n\n\n\n<figure class=\"wp-block-image size-full\"><img decoding=\"async\" loading=\"lazy\" width=\"1125\" height=\"633\" src=\"http:\/\/xn--1szkoarajdowa-0hc.pl\/wp-content\/uploads\/2023\/09\/SZYKANA-7.jpg\" alt=\"\" class=\"wp-image-1306\"\/><\/figure>\n\n\n\n<figure class=\"wp-block-image size-large\"><img decoding=\"async\" loading=\"lazy\" width=\"1024\" height=\"576\" src=\"http:\/\/xn--1szkoarajdowa-0hc.pl\/wp-content\/uploads\/2023\/09\/SZYKANA-8-1024x576.jpg\" alt=\"\" class=\"wp-image-1307\" srcset=\"http:\/\/xn--1szkoarajdowa-0hc.pl\/wp-content\/uploads\/2023\/09\/SZYKANA-8-1024x576.jpg 1024w, http:\/\/xn--1szkoarajdowa-0hc.pl\/wp-content\/uploads\/2023\/09\/SZYKANA-8-300x169.jpg 300w, http:\/\/xn--1szkoarajdowa-0hc.pl\/wp-content\/uploads\/2023\/09\/SZYKANA-8-768x432.jpg 768w, http:\/\/xn--1szkoarajdowa-0hc.pl\/wp-content\/uploads\/2023\/09\/SZYKANA-8.jpg 1125w\" sizes=\"(max-width: 1024px) 100vw, 1024px\" \/><\/figure>\n\n\n\n<figure class=\"wp-block-image size-large\"><img decoding=\"async\" loading=\"lazy\" width=\"1024\" height=\"576\" src=\"http:\/\/xn--1szkoarajdowa-0hc.pl\/wp-content\/uploads\/2023\/09\/SZYKANA-9-1024x576.jpg\" alt=\"\" class=\"wp-image-1308\" srcset=\"http:\/\/xn--1szkoarajdowa-0hc.pl\/wp-content\/uploads\/2023\/09\/SZYKANA-9-1024x576.jpg 1024w, http:\/\/xn--1szkoarajdowa-0hc.pl\/wp-content\/uploads\/2023\/09\/SZYKANA-9-300x169.jpg 300w, http:\/\/xn--1szkoarajdowa-0hc.pl\/wp-content\/uploads\/2023\/09\/SZYKANA-9-768x432.jpg 768w, http:\/\/xn--1szkoarajdowa-0hc.pl\/wp-content\/uploads\/2023\/09\/SZYKANA-9.jpg 1136w\" sizes=\"(max-width: 1024px) 100vw, 1024px\" \/><\/figure>\n\n\n\n<p>Wi\u0119cej szczeg\u00f3\u0142owych informacji na indywidualnych Treningach Wyczynowych Technik Jazdy.<\/p>\n\n\n\n<p>Patrz zak\u0142adka treningi.<\/p>\n","protected":false},"excerpt":{"rendered":"<p>Szykana to uk\u0142ad slalomowy. Do szykany wje\u017cd\u017camy z zewn\u0119trznej. Nast\u0119pnie zmieniamy kierunek jazdy w po\u0142owie odleg\u0142o\u015bci mi\u0119dzy s\u0142upkami. Oczywi\u015bcie mo\u017cemy to ola\u0107 i wpa\u015b\u0107 hamuj\u0105c w szykan\u0119. Efekt b\u0119dzie taki, \u017ce hamowa\u0107 b\u0119dzie trzeba jeszcze w drugim zakr\u0119cie i b\u0119dzie brakowa\u0142o miejsca do opuszczenia szykany. W kwintesencji wyjazd z szykany b\u0119dzie za wolny. Lub potr\u0105ci [&hellip;]<\/p>\n","protected":false},"author":1,"featured_media":0,"parent":789,"menu_order":20,"comment_status":"closed","ping_status":"closed","template":"","meta":[],"_links":{"self":[{"href":"http:\/\/xn--1szkoarajdowa-0hc.pl\/index.php?rest_route=\/wp\/v2\/pages\/798"}],"collection":[{"href":"http:\/\/xn--1szkoarajdowa-0hc.pl\/index.php?rest_route=\/wp\/v2\/pages"}],"about":[{"href":"http:\/\/xn--1szkoarajdowa-0hc.pl\/index.php?rest_route=\/wp\/v2\/types\/page"}],"author":[{"embeddable":true,"href":"http:\/\/xn--1szkoarajdowa-0hc.pl\/index.php?rest_route=\/wp\/v2\/users\/1"}],"replies":[{"embeddable":true,"href":"http:\/\/xn--1szkoarajdowa-0hc.pl\/index.php?rest_route=%2Fwp%2Fv2%2Fcomments&post=798"}],"version-history":[{"count":4,"href":"http:\/\/xn--1szkoarajdowa-0hc.pl\/index.php?rest_route=\/wp\/v2\/pages\/798\/revisions"}],"predecessor-version":[{"id":1339,"href":"http:\/\/xn--1szkoarajdowa-0hc.pl\/index.php?rest_route=\/wp\/v2\/pages\/798\/revisions\/1339"}],"up":[{"embeddable":true,"href":"http:\/\/xn--1szkoarajdowa-0hc.pl\/index.php?rest_route=\/wp\/v2\/pages\/789"}],"wp:attachment":[{"href":"http:\/\/xn--1szkoarajdowa-0hc.pl\/index.php?rest_route=%2Fwp%2Fv2%2Fmedia&parent=798"}],"curies":[{"name":"wp","href":"https:\/\/api.w.org\/{rel}","templated":true}]}}