{"id":794,"date":"2023-09-12T01:46:11","date_gmt":"2023-09-11T23:46:11","guid":{"rendered":"http:\/\/xn--1szkoarajdowa-0hc.pl\/?page_id=794"},"modified":"2023-09-20T03:29:10","modified_gmt":"2023-09-20T01:29:10","slug":"start-i-meta","status":"publish","type":"page","link":"http:\/\/xn--1szkoarajdowa-0hc.pl\/?page_id=794","title":{"rendered":"START I META"},"content":{"rendered":"\n<figure class=\"wp-block-image size-large\"><img decoding=\"async\" loading=\"lazy\" width=\"1024\" height=\"576\" src=\"http:\/\/xn--1szkoarajdowa-0hc.pl\/wp-content\/uploads\/2023\/09\/START-1024x576.jpg\" alt=\"\" class=\"wp-image-1283\" srcset=\"http:\/\/xn--1szkoarajdowa-0hc.pl\/wp-content\/uploads\/2023\/09\/START-1024x576.jpg 1024w, http:\/\/xn--1szkoarajdowa-0hc.pl\/wp-content\/uploads\/2023\/09\/START-300x169.jpg 300w, http:\/\/xn--1szkoarajdowa-0hc.pl\/wp-content\/uploads\/2023\/09\/START-768x432.jpg 768w, http:\/\/xn--1szkoarajdowa-0hc.pl\/wp-content\/uploads\/2023\/09\/START.jpg 1119w\" sizes=\"(max-width: 1024px) 100vw, 1024px\" \/><\/figure>\n\n\n\n<p><strong>Startujemy<\/strong> z linii prostej. S\u0119dzia ustawia kolejno ka\u017cdego zawodnika w tym samym miejscu. Prz\u00f3d auta przed lini\u0105 wyznaczon\u0105 zewn\u0119trznymi s\u0142upkami.<\/p>\n\n\n\n<figure class=\"wp-block-image size-large\"><img decoding=\"async\" loading=\"lazy\" width=\"1024\" height=\"576\" src=\"http:\/\/xn--1szkoarajdowa-0hc.pl\/wp-content\/uploads\/2023\/09\/START-1-1024x576.jpg\" alt=\"\" class=\"wp-image-1284\" srcset=\"http:\/\/xn--1szkoarajdowa-0hc.pl\/wp-content\/uploads\/2023\/09\/START-1-1024x576.jpg 1024w, http:\/\/xn--1szkoarajdowa-0hc.pl\/wp-content\/uploads\/2023\/09\/START-1-300x169.jpg 300w, http:\/\/xn--1szkoarajdowa-0hc.pl\/wp-content\/uploads\/2023\/09\/START-1-768x432.jpg 768w, http:\/\/xn--1szkoarajdowa-0hc.pl\/wp-content\/uploads\/2023\/09\/START-1.jpg 1119w\" sizes=\"(max-width: 1024px) 100vw, 1024px\" \/><\/figure>\n\n\n\n<figure class=\"wp-block-image size-large\"><img decoding=\"async\" loading=\"lazy\" width=\"1024\" height=\"575\" src=\"http:\/\/xn--1szkoarajdowa-0hc.pl\/wp-content\/uploads\/2023\/09\/START-2-1024x575.jpg\" alt=\"\" class=\"wp-image-1285\" srcset=\"http:\/\/xn--1szkoarajdowa-0hc.pl\/wp-content\/uploads\/2023\/09\/START-2-1024x575.jpg 1024w, http:\/\/xn--1szkoarajdowa-0hc.pl\/wp-content\/uploads\/2023\/09\/START-2-300x169.jpg 300w, http:\/\/xn--1szkoarajdowa-0hc.pl\/wp-content\/uploads\/2023\/09\/START-2-768x431.jpg 768w, http:\/\/xn--1szkoarajdowa-0hc.pl\/wp-content\/uploads\/2023\/09\/START-2.jpg 1134w\" sizes=\"(max-width: 1024px) 100vw, 1024px\" \/><\/figure>\n\n\n\n<p>Dopuszczalne jest ustawienie samochodu pod k\u0105tem, je\u017celi tu\u017c po starcie jest wytyczony zakr\u0119t.<\/p>\n\n\n\n<figure class=\"wp-block-image size-large\"><img decoding=\"async\" loading=\"lazy\" width=\"1024\" height=\"576\" src=\"http:\/\/xn--1szkoarajdowa-0hc.pl\/wp-content\/uploads\/2023\/09\/START-3-1024x576.jpg\" alt=\"\" class=\"wp-image-1286\" srcset=\"http:\/\/xn--1szkoarajdowa-0hc.pl\/wp-content\/uploads\/2023\/09\/START-3-1024x576.jpg 1024w, http:\/\/xn--1szkoarajdowa-0hc.pl\/wp-content\/uploads\/2023\/09\/START-3-300x169.jpg 300w, http:\/\/xn--1szkoarajdowa-0hc.pl\/wp-content\/uploads\/2023\/09\/START-3-768x432.jpg 768w, http:\/\/xn--1szkoarajdowa-0hc.pl\/wp-content\/uploads\/2023\/09\/START-3.jpg 1109w\" sizes=\"(max-width: 1024px) 100vw, 1024px\" \/><\/figure>\n\n\n\n<p><strong>Meta<\/strong><\/p>\n\n\n\n<p>W KJS zatrzymanie na mecie polega na unieruchomieniu pojazdy w taki spos\u00f3b,\u017ceby linia mety wyznaczana zewn\u0119trznymi s\u0142upkami znalaz\u0142a si\u0119 pomi\u0119dzy przedni\u0105 a tyln\u0105 osi\u0105 samochodu. <\/p>\n\n\n\n<figure class=\"wp-block-image size-large\"><img decoding=\"async\" loading=\"lazy\" width=\"1024\" height=\"576\" src=\"http:\/\/xn--1szkoarajdowa-0hc.pl\/wp-content\/uploads\/2023\/09\/KJS-META-1-1-1024x576.jpg\" alt=\"\" class=\"wp-image-1290\" srcset=\"http:\/\/xn--1szkoarajdowa-0hc.pl\/wp-content\/uploads\/2023\/09\/KJS-META-1-1-1024x576.jpg 1024w, http:\/\/xn--1szkoarajdowa-0hc.pl\/wp-content\/uploads\/2023\/09\/KJS-META-1-1-300x169.jpg 300w, http:\/\/xn--1szkoarajdowa-0hc.pl\/wp-content\/uploads\/2023\/09\/KJS-META-1-1-768x432.jpg 768w, http:\/\/xn--1szkoarajdowa-0hc.pl\/wp-content\/uploads\/2023\/09\/KJS-META-1-1.jpg 1130w\" sizes=\"(max-width: 1024px) 100vw, 1024px\" \/><\/figure>\n\n\n\n<p>Na mecie mo\u017cemy zatrzyma\u0107 si\u0119 pod k\u0105tem, jednak linia mety musi by\u0107 mi\u0119dzy przedni\u0105 a tyln\u0105 osi\u0105 samochodu.<\/p>\n\n\n\n<figure class=\"wp-block-image size-large\"><img decoding=\"async\" loading=\"lazy\" width=\"1024\" height=\"576\" src=\"http:\/\/xn--1szkoarajdowa-0hc.pl\/wp-content\/uploads\/2023\/09\/KJS-META-2-1024x576.jpg\" alt=\"\" class=\"wp-image-1288\" srcset=\"http:\/\/xn--1szkoarajdowa-0hc.pl\/wp-content\/uploads\/2023\/09\/KJS-META-2-1024x576.jpg 1024w, http:\/\/xn--1szkoarajdowa-0hc.pl\/wp-content\/uploads\/2023\/09\/KJS-META-2-300x169.jpg 300w, http:\/\/xn--1szkoarajdowa-0hc.pl\/wp-content\/uploads\/2023\/09\/KJS-META-2-768x432.jpg 768w, http:\/\/xn--1szkoarajdowa-0hc.pl\/wp-content\/uploads\/2023\/09\/KJS-META-2.jpg 1129w\" sizes=\"(max-width: 1024px) 100vw, 1024px\" \/><\/figure>\n\n\n\n<p>Wi\u0119cej szczeg\u00f3\u0142owych informacji na indywidualnych Treningach Wyczynowych Technik Jazdy.<\/p>\n\n\n\n<p>Patrz zak\u0142adka treningi.<\/p>\n","protected":false},"excerpt":{"rendered":"<p>Startujemy z linii prostej. S\u0119dzia ustawia kolejno ka\u017cdego zawodnika w tym samym miejscu. Prz\u00f3d auta przed lini\u0105 wyznaczon\u0105 zewn\u0119trznymi s\u0142upkami. Dopuszczalne jest ustawienie samochodu pod k\u0105tem, je\u017celi tu\u017c po starcie jest wytyczony zakr\u0119t. Meta W KJS zatrzymanie na mecie polega na unieruchomieniu pojazdy w taki spos\u00f3b,\u017ceby linia mety wyznaczana zewn\u0119trznymi s\u0142upkami znalaz\u0142a si\u0119 pomi\u0119dzy przedni\u0105 [&hellip;]<\/p>\n","protected":false},"author":1,"featured_media":0,"parent":789,"menu_order":18,"comment_status":"closed","ping_status":"closed","template":"","meta":[],"_links":{"self":[{"href":"http:\/\/xn--1szkoarajdowa-0hc.pl\/index.php?rest_route=\/wp\/v2\/pages\/794"}],"collection":[{"href":"http:\/\/xn--1szkoarajdowa-0hc.pl\/index.php?rest_route=\/wp\/v2\/pages"}],"about":[{"href":"http:\/\/xn--1szkoarajdowa-0hc.pl\/index.php?rest_route=\/wp\/v2\/types\/page"}],"author":[{"embeddable":true,"href":"http:\/\/xn--1szkoarajdowa-0hc.pl\/index.php?rest_route=\/wp\/v2\/users\/1"}],"replies":[{"embeddable":true,"href":"http:\/\/xn--1szkoarajdowa-0hc.pl\/index.php?rest_route=%2Fwp%2Fv2%2Fcomments&post=794"}],"version-history":[{"count":5,"href":"http:\/\/xn--1szkoarajdowa-0hc.pl\/index.php?rest_route=\/wp\/v2\/pages\/794\/revisions"}],"predecessor-version":[{"id":1336,"href":"http:\/\/xn--1szkoarajdowa-0hc.pl\/index.php?rest_route=\/wp\/v2\/pages\/794\/revisions\/1336"}],"up":[{"embeddable":true,"href":"http:\/\/xn--1szkoarajdowa-0hc.pl\/index.php?rest_route=\/wp\/v2\/pages\/789"}],"wp:attachment":[{"href":"http:\/\/xn--1szkoarajdowa-0hc.pl\/index.php?rest_route=%2Fwp%2Fv2%2Fmedia&parent=794"}],"curies":[{"name":"wp","href":"https:\/\/api.w.org\/{rel}","templated":true}]}}