{"id":62,"date":"2023-08-06T21:18:51","date_gmt":"2023-08-06T19:18:51","guid":{"rendered":"http:\/\/xn--1szkoarajdowa-0hc.pl\/?page_id=62"},"modified":"2023-08-10T20:39:38","modified_gmt":"2023-08-10T18:39:38","slug":"katy-znoszenia","status":"publish","type":"page","link":"http:\/\/xn--1szkoarajdowa-0hc.pl\/?page_id=62","title":{"rendered":"K\u0104TY ZNOSZENIA"},"content":{"rendered":"\n<p><strong>Zakr\u0119ty mo\u017cemy pokonywa\u0107 z r\u00f3\u017cn\u0105 warto\u015bci\u0105 znoszenia.<\/strong><\/p>\n\n\n\n<p><strong>W zale\u017cno\u015bci od wywo\u0142anej si\u0142y k\u0105ty znoszenia dzielimy na:<\/strong><\/p>\n\n\n\n<ul>\n<li>Mikro k\u0105ty znoszenia<\/li>\n\n\n\n<li>Ma\u0142e k\u0105ty znoszenia<\/li>\n\n\n\n<li>Du\u017ce k\u0105ty znoszenia<\/li>\n\n\n\n<li>Graniczne k\u0105ty znoszenie<\/li>\n\n\n\n<li>Ze\u015blizgi osiowe<\/li>\n\n\n\n<li>Ze\u015blizgi czteroko\u0142owe<\/li>\n\n\n\n<li>Po\u015blizgi&nbsp; osiowe<\/li>\n\n\n\n<li>Po\u015blizgi czteroko\u0142owa<\/li>\n\n\n\n<li>Czteroko\u0142owy po\u015blizg kontrolowany<\/li>\n<\/ul>\n","protected":false},"excerpt":{"rendered":"<p>Zakr\u0119ty mo\u017cemy pokonywa\u0107 z r\u00f3\u017cn\u0105 warto\u015bci\u0105 znoszenia. W zale\u017cno\u015bci od wywo\u0142anej si\u0142y k\u0105ty znoszenia dzielimy na:<\/p>\n","protected":false},"author":1,"featured_media":0,"parent":0,"menu_order":-2,"comment_status":"closed","ping_status":"closed","template":"","meta":[],"_links":{"self":[{"href":"http:\/\/xn--1szkoarajdowa-0hc.pl\/index.php?rest_route=\/wp\/v2\/pages\/62"}],"collection":[{"href":"http:\/\/xn--1szkoarajdowa-0hc.pl\/index.php?rest_route=\/wp\/v2\/pages"}],"about":[{"href":"http:\/\/xn--1szkoarajdowa-0hc.pl\/index.php?rest_route=\/wp\/v2\/types\/page"}],"author":[{"embeddable":true,"href":"http:\/\/xn--1szkoarajdowa-0hc.pl\/index.php?rest_route=\/wp\/v2\/users\/1"}],"replies":[{"embeddable":true,"href":"http:\/\/xn--1szkoarajdowa-0hc.pl\/index.php?rest_route=%2Fwp%2Fv2%2Fcomments&post=62"}],"version-history":[{"count":2,"href":"http:\/\/xn--1szkoarajdowa-0hc.pl\/index.php?rest_route=\/wp\/v2\/pages\/62\/revisions"}],"predecessor-version":[{"id":64,"href":"http:\/\/xn--1szkoarajdowa-0hc.pl\/index.php?rest_route=\/wp\/v2\/pages\/62\/revisions\/64"}],"wp:attachment":[{"href":"http:\/\/xn--1szkoarajdowa-0hc.pl\/index.php?rest_route=%2Fwp%2Fv2%2Fmedia&parent=62"}],"curies":[{"name":"wp","href":"https:\/\/api.w.org\/{rel}","templated":true}]}}