{"id":313,"date":"2023-08-14T00:38:22","date_gmt":"2023-08-13T22:38:22","guid":{"rendered":"http:\/\/xn--1szkoarajdowa-0hc.pl\/?page_id=313"},"modified":"2023-08-15T20:09:29","modified_gmt":"2023-08-15T18:09:29","slug":"reczny-hydrauliczny","status":"publish","type":"page","link":"http:\/\/xn--1szkoarajdowa-0hc.pl\/?page_id=313","title":{"rendered":"R\u0118CZNY HYDRAULICZNY"},"content":{"rendered":"\n<p>Bardzo fajne urz\u0105dzenie. Je\u017celi przy zbyt ma\u0142ej pr\u0119dko\u015bci potrzeba zrobi\u0107 nawr\u00f3t o 180 stopni, nale\u017cy punktowo zablokowa\u0107 hamulcem r\u0119cznym tylne ko\u0142a w chwili maksymalnego odci\u0105\u017cenia tylnej osi.<\/p>\n\n\n\n<p>Idealne na pokazach, iwentach przy jazdach z ma\u0142\u0105 pr\u0119dko\u015bci\u0105 pod publik\u0119. Ewentualnie dla w\u0142asnej fantazji. <\/p>\n\n\n\n<p>Stosowanie przy \u015brednich i du\u017cych pr\u0119dko\u015bciach niesie za sob\u0105 ryzyko wylecenia z drogi.<\/p>\n\n\n\n<p>Dla wyczynowych kierowc\u00f3w lat 50\/60 XX wieku u\u017cycie hamulca r\u0119cznego (postojowego) w czasie jazdy by\u0142o dyshonorem. Najwi\u0119kszym faux-pas techniki jazdy.<\/p>\n\n\n\n<p><\/p>\n","protected":false},"excerpt":{"rendered":"<p>Bardzo fajne urz\u0105dzenie. Je\u017celi przy zbyt ma\u0142ej pr\u0119dko\u015bci potrzeba zrobi\u0107 nawr\u00f3t o 180 stopni, nale\u017cy punktowo zablokowa\u0107 hamulcem r\u0119cznym tylne ko\u0142a w chwili maksymalnego odci\u0105\u017cenia tylnej osi. Idealne na pokazach, iwentach przy jazdach z ma\u0142\u0105 pr\u0119dko\u015bci\u0105 pod publik\u0119. Ewentualnie dla w\u0142asnej fantazji. Stosowanie przy \u015brednich i du\u017cych pr\u0119dko\u015bciach niesie za sob\u0105 ryzyko wylecenia z drogi. [&hellip;]<\/p>\n","protected":false},"author":1,"featured_media":0,"parent":0,"menu_order":14,"comment_status":"closed","ping_status":"closed","template":"","meta":[],"_links":{"self":[{"href":"http:\/\/xn--1szkoarajdowa-0hc.pl\/index.php?rest_route=\/wp\/v2\/pages\/313"}],"collection":[{"href":"http:\/\/xn--1szkoarajdowa-0hc.pl\/index.php?rest_route=\/wp\/v2\/pages"}],"about":[{"href":"http:\/\/xn--1szkoarajdowa-0hc.pl\/index.php?rest_route=\/wp\/v2\/types\/page"}],"author":[{"embeddable":true,"href":"http:\/\/xn--1szkoarajdowa-0hc.pl\/index.php?rest_route=\/wp\/v2\/users\/1"}],"replies":[{"embeddable":true,"href":"http:\/\/xn--1szkoarajdowa-0hc.pl\/index.php?rest_route=%2Fwp%2Fv2%2Fcomments&post=313"}],"version-history":[{"count":7,"href":"http:\/\/xn--1szkoarajdowa-0hc.pl\/index.php?rest_route=\/wp\/v2\/pages\/313\/revisions"}],"predecessor-version":[{"id":461,"href":"http:\/\/xn--1szkoarajdowa-0hc.pl\/index.php?rest_route=\/wp\/v2\/pages\/313\/revisions\/461"}],"wp:attachment":[{"href":"http:\/\/xn--1szkoarajdowa-0hc.pl\/index.php?rest_route=%2Fwp%2Fv2%2Fmedia&parent=313"}],"curies":[{"name":"wp","href":"https:\/\/api.w.org\/{rel}","templated":true}]}}